{"id":1120,"date":"2024-06-18T16:27:05","date_gmt":"2024-06-18T13:27:05","guid":{"rendered":"https:\/\/srscreative.art\/?post_type=product&#038;p=1120"},"modified":"2025-03-07T16:37:21","modified_gmt":"2025-03-07T14:37:21","slug":"custom-portrait-painting-42-x-59-cm","status":"publish","type":"product","link":"https:\/\/srscreative.art\/ro\/produs\/custom-portrait-painting-42-x-59-cm\/","title":{"rendered":"Portret personalizat 42 x 59 cm"},"content":{"rendered":"<p>Surprinde frumuse\u021bea amintirilor tale \u00eentr-un mod artistic \u0219i personalizat. Comand\u0103 un portret personalizat de 42 x 59 cm (dimensiunea h\u00e2rtiei A2) \u0219i transform\u0103-\u021bi momentele speciale \u00eentr-o oper\u0103 de art\u0103 de neuitat.<\/p>\n<p>&nbsp;<\/p>\n<h3>Cum comand?<\/h3>\n<ul>\n<li><strong>Pasul 1<\/strong>: Dup\u0103 ce ai finalizat comanda (fie dac\u0103 alegi plata prin card sau ramburs), vei primi un email de confirmare cu detaliile contractului pentru portret;<\/li>\n<li><strong>Pasul 2<\/strong>: <strong>\u021ai se va cere prin e-mail sau WhatsApp s\u0103 furnizezi o fotografie de \u00eenalt\u0103 calitate pentru realizarea portretului<\/strong> ;<\/li>\n<li><strong>Pasul 3<\/strong>: Revizuirea de c\u0103tre tine a portretului finalizat;<\/li>\n<li><strong>Pasul 4<\/strong>: A\u0219tep\u021bi s\u0103 ajung\u0103 portretul personalizat, gata pentru a fi ag\u0103\u021bat pe perete sau d\u0103ruit.<\/li>\n<\/ul>","protected":false},"excerpt":{"rendered":"<p>A custom portrait commission transforms your cherished memories into timeless works of art. Perfect for gifting.<\/p>\n<p>Maximum 5 people can fit on this paper size.<\/p>","protected":false},"featured_media":944,"comment_status":"open","ping_status":"closed","template":"","meta":{"saved_in_kubio":false,"om_disable_all_campaigns":false},"product_brand":[],"product_cat":[36],"product_tag":[35],"class_list":{"0":"post-1120","1":"product","2":"type-product","3":"status-publish","4":"has-post-thumbnail","6":"product_cat-personalized-portraits-dry-brush","7":"product_tag-custom-portrait","9":"first","10":"instock","11":"shipping-taxable","12":"purchasable","13":"product-type-variable"},"aioseo_notices":[],"jetpack_sharing_enabled":true,"_links":{"self":[{"href":"https:\/\/srscreative.art\/ro\/wp-json\/wp\/v2\/product\/1120","targetHints":{"allow":["GET"]}}],"collection":[{"href":"https:\/\/srscreative.art\/ro\/wp-json\/wp\/v2\/product"}],"about":[{"href":"https:\/\/srscreative.art\/ro\/wp-json\/wp\/v2\/types\/product"}],"replies":[{"embeddable":true,"href":"https:\/\/srscreative.art\/ro\/wp-json\/wp\/v2\/comments?post=1120"}],"wp:featuredmedia":[{"embeddable":true,"href":"https:\/\/srscreative.art\/ro\/wp-json\/wp\/v2\/media\/944"}],"wp:attachment":[{"href":"https:\/\/srscreative.art\/ro\/wp-json\/wp\/v2\/media?parent=1120"}],"wp:term":[{"taxonomy":"product_brand","embeddable":true,"href":"https:\/\/srscreative.art\/ro\/wp-json\/wp\/v2\/product_brand?post=1120"},{"taxonomy":"product_cat","embeddable":true,"href":"https:\/\/srscreative.art\/ro\/wp-json\/wp\/v2\/product_cat?post=1120"},{"taxonomy":"product_tag","embeddable":true,"href":"https:\/\/srscreative.art\/ro\/wp-json\/wp\/v2\/product_tag?post=1120"}],"curies":[{"name":"wp","href":"https:\/\/api.w.org\/{rel}","templated":true}]}}